{"id":1552,"date":"2018-06-13T14:49:14","date_gmt":"2018-06-13T17:49:14","guid":{"rendered":"http:\/\/www.apolobrinquedos.com.br\/apolo\/?page_id=1552"},"modified":"2018-06-13T14:49:14","modified_gmt":"2018-06-13T17:49:14","slug":"sobre-nos","status":"publish","type":"page","link":"https:\/\/www.apolobrinquedos.com.br\/?page_id=1552","title":{"rendered":"Sobre N\u00f3s"},"content":{"rendered":"<div class=\"flex_column av_one_full  flex_column_div first  \" ><section class=\"av_textblock_section \"  itemscope=\"itemscope\" itemtype=\"https:\/\/schema.org\/CreativeWork\" ><div class='avia_textblock  '   itemprop=\"text\" ><header class=\"entry-header\">\n<h2 class=\"entry-title \">A Empresa<\/h2>\n<hr class=\"featurette-divider __before_content\" \/>\n<\/header>\n<div class=\"entry-content\">\n<p>A Apolo Brinquedos foi fundada em 1969. Iniciou suas atividades com apenas 1 conjunto de 6 unidades de rotomoldagem e produzia somente bolas de vinil! Sua sede ficava na rua Almirante Alexandrino, \u00c1gua Rasa, S\u00e3o Paulo.<\/p>\n<p>Em 1985 a empresa abriu uma filial no Parque Industrial de Itaquera, S\u00e3o Paulo, com uma \u00e1rea total de 17.700m\u00b2 e 1.500m\u00b2 de \u00e1rea constru\u00edda.<\/p>\n<p>Em 87 com o fechamento da sede \u00c1gua Rasa, toda a empresa foi transferida para a unidade Itaquera que se transformou na nova sede, sem filiais, que na \u00e9poca contava com uma \u00e1rea total de 35.000m\u00b2 sendo 3.000m\u00b2 constru\u00eddos.<\/p>\n<p>Em 2005, ano de grande mudan\u00e7a, a Apolo passou a pertencer ao grupo L\u00edder, onde cada vez mais e mais se tem investido em amplia\u00e7\u00f5es, novas instala\u00e7\u00f5es, novos equipamentos, aumento de pessoal e hoje j\u00e1 conta com 6.600m\u00b2 de \u00e1rea constru\u00edda!<\/p>\n<p>Hoje a Apolo produz bolas de EVA, bolas de vinil, bolinhas de sopro em geral, bolinhas para piscinas infantis, bichinhos de vinil, aplica\u00e7\u00f5es diversas em rotomoldagem, e, assim, a empresa se solidifica no mercado de brinquedos e brindes do Brasil.<\/p>\n<p>A miss\u00e3o da empresa \u00e9 participar da vida das crian\u00e7as oferecendo brinquedos de qualidade, com pre\u00e7os acess\u00edveis a todos, sendo socialmente respons\u00e1vel.<\/p>\n<p>Ser l\u00edder no mercado de brinquedos: essa \u00e9 a vis\u00e3o da Apolo! Diferenciar-se pela qualidade das rela\u00e7\u00f5es que estabelece com todos que a cercam e ser comprometida com a gera\u00e7\u00e3o de valores morais e educativos \u00e0s crian\u00e7as.<\/p>\n<p>A Apolo Brinquedos \u00e9 uma empresa confi\u00e1vel, \u00e9tica e transparente pois trabalha com paix\u00e3o e determina\u00e7\u00e3o!<br \/>\nComprometimento com a qualidade e seguran\u00e7a dos seu produtos perante seus colaboradores e consumidores: esses s\u00e3o os principais valores da empresa!<\/p>\n<p><strong>Diretor<\/strong><br \/>\n<strong>Jos\u00e9 Francisco Zinato<\/strong><\/p>\n<\/div>\n<\/div><\/section><\/div>\n","protected":false},"excerpt":{"rendered":"","protected":false},"author":1,"featured_media":0,"parent":0,"menu_order":0,"comment_status":"closed","ping_status":"closed","template":"","meta":[],"_links":{"self":[{"href":"https:\/\/www.apolobrinquedos.com.br\/index.php?rest_route=\/wp\/v2\/pages\/1552"}],"collection":[{"href":"https:\/\/www.apolobrinquedos.com.br\/index.php?rest_route=\/wp\/v2\/pages"}],"about":[{"href":"https:\/\/www.apolobrinquedos.com.br\/index.php?rest_route=\/wp\/v2\/types\/page"}],"author":[{"embeddable":true,"href":"https:\/\/www.apolobrinquedos.com.br\/index.php?rest_route=\/wp\/v2\/users\/1"}],"replies":[{"embeddable":true,"href":"https:\/\/www.apolobrinquedos.com.br\/index.php?rest_route=%2Fwp%2Fv2%2Fcomments&post=1552"}],"version-history":[{"count":1,"href":"https:\/\/www.apolobrinquedos.com.br\/index.php?rest_route=\/wp\/v2\/pages\/1552\/revisions"}],"predecessor-version":[{"id":1553,"href":"https:\/\/www.apolobrinquedos.com.br\/index.php?rest_route=\/wp\/v2\/pages\/1552\/revisions\/1553"}],"wp:attachment":[{"href":"https:\/\/www.apolobrinquedos.com.br\/index.php?rest_route=%2Fwp%2Fv2%2Fmedia&parent=1552"}],"curies":[{"name":"wp","href":"https:\/\/api.w.org\/{rel}","templated":true}]}}